{"id":164,"date":"2021-03-23T13:18:43","date_gmt":"2021-03-23T13:18:43","guid":{"rendered":"https:\/\/sebastianscobel.de\/?page_id=164"},"modified":"2021-03-23T13:38:25","modified_gmt":"2021-03-23T13:38:25","slug":"cookie-erklaerung","status":"publish","type":"page","link":"https:\/\/sebastianscobel.de\/index.php\/cookie-erklaerung\/","title":{"rendered":"Cookie-Erkl\u00e4rung"},"content":{"rendered":"<h4>Cookie-Erkl\u00e4rung<\/h4>\n<p><script id=\"CookieDeclaration\" src=\"https:\/\/consent.cookiebot.com\/173883aa-3493-4168-81d2-494822ae2e4f\/cd.js\" type=\"text\/javascript\" async><\/script><\/p>\n<div class=\"impressum\"><a href=\"https:\/\/sebastianscobel.de\/index.php\/datenschutzerklaerung\/\">Datenschutzerkl\u00e4rung<\/a> | <a href=\"https:\/\/sebastianscobel.de\/index.php\/impressum-2\/\">Impressum<\/a> | <a href=\"https:\/\/sebastianscobel.de\/index.php\/cookie-erklaerung\/\">Cookie-Erkl\u00e4rung<\/a><\/div>\n","protected":false},"excerpt":{"rendered":"<p>Cookie-Erkl\u00e4rung Datenschutzerkl\u00e4rung | Impressum | Cookie-Erkl\u00e4rung<\/p>\n","protected":false},"author":1,"featured_media":0,"parent":0,"menu_order":0,"comment_status":"closed","ping_status":"closed","template":"","meta":{"footnotes":""},"class_list":["post-164","page","type-page","status-publish","hentry"],"_links":{"self":[{"href":"https:\/\/sebastianscobel.de\/index.php\/wp-json\/wp\/v2\/pages\/164","targetHints":{"allow":["GET"]}}],"collection":[{"href":"https:\/\/sebastianscobel.de\/index.php\/wp-json\/wp\/v2\/pages"}],"about":[{"href":"https:\/\/sebastianscobel.de\/index.php\/wp-json\/wp\/v2\/types\/page"}],"author":[{"embeddable":true,"href":"https:\/\/sebastianscobel.de\/index.php\/wp-json\/wp\/v2\/users\/1"}],"replies":[{"embeddable":true,"href":"https:\/\/sebastianscobel.de\/index.php\/wp-json\/wp\/v2\/comments?post=164"}],"version-history":[{"count":3,"href":"https:\/\/sebastianscobel.de\/index.php\/wp-json\/wp\/v2\/pages\/164\/revisions"}],"predecessor-version":[{"id":173,"href":"https:\/\/sebastianscobel.de\/index.php\/wp-json\/wp\/v2\/pages\/164\/revisions\/173"}],"wp:attachment":[{"href":"https:\/\/sebastianscobel.de\/index.php\/wp-json\/wp\/v2\/media?parent=164"}],"curies":[{"name":"wp","href":"https:\/\/api.w.org\/{rel}","templated":true}]}}