{"id":36,"date":"2021-03-22T15:43:12","date_gmt":"2021-03-22T15:43:12","guid":{"rendered":"https:\/\/sebastianscobel.de\/?page_id=36"},"modified":"2021-03-25T12:04:44","modified_gmt":"2021-03-25T12:04:44","slug":"bio","status":"publish","type":"page","link":"https:\/\/sebastianscobel.de\/","title":{"rendered":"bio"},"content":{"rendered":"<p><a name=\"bio\"><\/a><\/p>\n<h4>bio<\/h4>\n<p><\/p>\n<div class=\"blocksatz\">\n<p>Sebastian Scobel wurde 1987 in Dresden geboren. Immer von Musik in seinem Elternhaus umgeben, verk\u00fcndete er mit 10 Jahren: \u201eIch m\u00f6chte Jazz-Pianist werden!\u201c Unterricht erhielt er zun\u00e4chst am S\u00e4chsischen Landesgymnasium f\u00fcr Musik.<br \/>\n<br \/>\n2008 zog Scobel nach K\u00f6ln und studierte Jazzklavier an der Hochschule f\u00fcr Musik und Tanz K\u00f6ln. Zahlreiche Ensembles wie das \u201eMengamo Trio\u201c, \u201eFilippa Gojo Quartett\u201c oder \u201eSubway Jazz Orchestra\u201c entstanden w\u00e4hrend des Studiums und sind heute deutschlandweit erfolgreich. Ebenso wurde er in das Bundesjazzorchester aufgenommen, tourte in den USA und wurde Preistr\u00e4ger des \u201eSteinway F\u00f6rderpreis Jazz NRW\u201c.<\/p>\n<p>2015 gewann Scobel mit dem \u201eFilippa Gojo Quartett\u201c den renommierten \u201eNeuen Deutschen Jazzpreis\u201c. Anschlie\u00dfend folgte ein Auslandsjahr am Rhythmic Music Conservatory Kopenhagen im Rahmen seines Masterstudiums f\u00fcr Komposition, Arrangement und Hammond-Orgel unter anderem bei Larry Goldings, Dr. Lonnie Smith und Kresten Osgood.<\/p>\n<p>2017 pr\u00e4sentierte Scobel sein Mengamo Trio auf der \u201eCologne Open\u201c und war bei diversen Projekten als Pianist der renommierten WDR-Bigband zu h\u00f6ren. Ebenso schloss er sein Master-Studium mit Bestnote ab und konnte mit dem \u201eTamara Lukasheva Quartett\u201c erneut den \u201eNeuen Deutschen Jazzpreis\u201c gewinnen.<br \/>\n2019 wurde sein Duo mit Trompeterin Heidi Bayer mit dem \u201eFolkwang Jazzpreis\u201c ausgezeichnet.<br \/>\n<br \/>\nSein Engagement und Erfahrung als Dozent f\u00fcr Klavier und Rhytmusgruppen (Deutscher Musikrat, Jugend-Jazzorchester Sachsen, Bigband Limburg) als auch Jazz-Arrangement (WDR Fellowship), Improvisation und Songwriting sind seit \u00fcber zehn Jahren gefragt und gesch\u00e4tzt. Als Bandleader wie als Sideman hat Sebastian Scobel auf zahlreichen Jazz- und Pop-CD-Produktionen mitgewirkt.<br \/>\n<br \/>\nK\u00f6ln ist Sebastians musikalische Wirkungsst\u00e4tte. Er lebt und unterrichtet in der Domstadt und ist mit zahlreichen Ensembles der K\u00f6lner und Deutschen Jazzszene aktiv.<\/p>\n<\/div>\n<style>#sp-ea-215 .spcollapsing { height: 0; overflow: hidden; transition-property: height;transition-duration: 500ms;}#sp-ea-215.sp-easy-accordion>.sp-ea-single {margin-bottom: 10px; border: 1px none #e2e2e2; }#sp-ea-215.sp-easy-accordion>.sp-ea-single>.ea-header a {color: #ffffff;}#sp-ea-215.sp-easy-accordion>.sp-ea-single>.sp-collapse>.ea-body {background: transparent; color: #ffffff;}#sp-ea-215.sp-easy-accordion>.sp-ea-single {background: transparent;}#sp-ea-215.sp-easy-accordion>.sp-ea-single>.ea-header a .ea-expand-icon { float: left; color: #ffffff;font-size: 16px;}<\/style><div id=\"sp_easy_accordion-1775592907\"><div id=\"sp-ea-215\" class=\"sp-ea-one sp-easy-accordion\" data-ea-active=\"ea-click\" data-ea-mode=\"vertical\" data-preloader=\"\" data-scroll-active-item=\"\" data-offset-to-scroll=\"0\"><div class=\"ea-card sp-ea-single\"><h3 class=\"ea-header\"><a class=\"collapsed\" id=\"ea-header-2150\" role=\"button\" data-sptoggle=\"spcollapse\" data-sptarget=\"#collapse2150\" aria-controls=\"collapse2150\" href=\"#\" aria-expanded=\"false\" tabindex=\"0\"><i aria-hidden=\"true\" role=\"presentation\" class=\"ea-expand-icon eap-icon-ea-expand-plus\"><\/i> english version click here<\/a><\/h3><div class=\"sp-collapse spcollapse spcollapse\" id=\"collapse2150\" data-parent=\"#sp-ea-215\" role=\"region\" aria-labelledby=\"ea-header-2150\"> <div class=\"ea-body\"><div class=\"blocksatz\"><p>Sebastian Scobel was born in Dresden in 1987. Growing up in a musical household, he was immersed in music from a young age. At just 10 years old, he decided: \u201eI want to become a jazz pianist!\u201c<\/p><p>After completing his high scool education at the State School of Music in Saxony, Scobel moved to Cologne. In 2008, he began studying jazz piano performance at the Hochschule f\u00fcr Musik und Tanz K\u00f6ln. Several of his current ensembles were formed during this time, such as Mengamo Trio, Filippa Gojo Quartett, and Subway Jazz Orchestra. He was also accepted into the national Bundesjazzorchester, played a concert tour in the United States, and won the \u201eSteinway F\u00f6rderpreis Jazz NRW\u201c.<\/p><p>In 2015, Scobel won the renowned Neuer Deutscher Jazzpreis with the Fillippa Gojo Quartett. This was followed by a year spent abroad at the Rhythmic Music Conservatory Copenhagen as part of his Masters degree in composition, arrangement, and Hammond organ, where he studied with Larry Goldings, Dr. Lonnie Smith, and Kresten Osgood.<\/p><p>In 2017, Scobel performed with his Mengamo Trio at the Stadtgarten during their \u201eCologne Open\u201c festival, and played in the rhythm section of the renowned WDR Big Band in several of their projects. He also completed his master\u2019s degree with the highest grade, and was able to win the Neuer Deutscher Jazzpreis again, this time as part of the Tamara Lukasheva Quartett.<\/p><p>In 2019, his Duo with trumpeter Heidi Bayer was awarded the Folkwang Jazzpreis.<\/p><p>As an instructor, he is widely recognized for his experience and dedication, teaching piano and rhythm sections (Deutscher Musikrat, Jugend-Jazzorchester Sachsen, Bigband Limburg), arranging (WDR Fellowship), songwriting, and improvisation. Sebastian Scobel has also appeared on several jazz and pop recordings both as a band leader and as a sideman.<\/p><p>Sebastian\u2019s musical work is based in Cologne. He lives and teaches in the city, and is currently active in several ensembles in Cologne and the national jazz scene.<\/p><\/div><\/div><\/div><\/div><\/div><\/div>\n","protected":false},"excerpt":{"rendered":"<p>bio Sebastian Scobel wurde 1987 in Dresden geboren. Immer von Musik in seinem Elternhaus umgeben, verk\u00fcndete er mit 10 Jahren: \u201eIch m\u00f6chte Jazz-Pianist werden!\u201c Unterricht erhielt er zun\u00e4chst am S\u00e4chsischen Landesgymnasium f\u00fcr Musik. 2008 zog Scobel nach K\u00f6ln und studierte Jazzklavier an der Hochschule f\u00fcr Musik und Tanz K\u00f6ln. Zahlreiche Ensembles wie das \u201eMengamo Trio\u201c, &hellip; <\/p>\n<p class=\"link-more\"><a href=\"https:\/\/sebastianscobel.de\/\" class=\"more-link\"><span class=\"screen-reader-text\">\u201ebio\u201c<\/span> weiterlesen<\/a><\/p>\n","protected":false},"author":1,"featured_media":0,"parent":0,"menu_order":0,"comment_status":"closed","ping_status":"closed","template":"","meta":{"footnotes":""},"class_list":["post-36","page","type-page","status-publish","hentry"],"_links":{"self":[{"href":"https:\/\/sebastianscobel.de\/index.php\/wp-json\/wp\/v2\/pages\/36","targetHints":{"allow":["GET"]}}],"collection":[{"href":"https:\/\/sebastianscobel.de\/index.php\/wp-json\/wp\/v2\/pages"}],"about":[{"href":"https:\/\/sebastianscobel.de\/index.php\/wp-json\/wp\/v2\/types\/page"}],"author":[{"embeddable":true,"href":"https:\/\/sebastianscobel.de\/index.php\/wp-json\/wp\/v2\/users\/1"}],"replies":[{"embeddable":true,"href":"https:\/\/sebastianscobel.de\/index.php\/wp-json\/wp\/v2\/comments?post=36"}],"version-history":[{"count":26,"href":"https:\/\/sebastianscobel.de\/index.php\/wp-json\/wp\/v2\/pages\/36\/revisions"}],"predecessor-version":[{"id":280,"href":"https:\/\/sebastianscobel.de\/index.php\/wp-json\/wp\/v2\/pages\/36\/revisions\/280"}],"wp:attachment":[{"href":"https:\/\/sebastianscobel.de\/index.php\/wp-json\/wp\/v2\/media?parent=36"}],"curies":[{"name":"wp","href":"https:\/\/api.w.org\/{rel}","templated":true}]}}